{"id":30,"date":"2018-08-16T08:43:10","date_gmt":"2018-08-16T08:43:10","guid":{"rendered":"https:\/\/www.athenastudio.co\/themes\/appme-wp\/?page_id=30"},"modified":"2022-10-21T15:13:43","modified_gmt":"2022-10-21T13:13:43","slug":"index-image","status":"publish","type":"page","link":"https:\/\/www.imel.ba\/integralni-informacioni-sistem\/","title":{"rendered":"ImelBIS ERP"},"content":{"rendered":"<p>[vc_row css=&#8221;.vc_custom_1655486561119{padding-bottom: 30px !important;}&#8221;][vc_column width=&#8221;7\/12&#8243; el_class=&#8221;header-content download-button&#8221;]<h2>Poslujete u slo\u017eenom i turbulentnom okru\u017eenju?<\/h2><p>To ukazuje na prijeku potrebu za kori\u0161tenjem <strong>ta\u010dnih i provjerenih informacija<\/strong> dobijenih <strong>u pravom momentu<\/strong>. Pitate se kako?<br \/>\nUz pomo\u0107 <strong>adekvatnog integralnog informacionog <\/strong><strong>sistema.<\/strong><\/p>[\/vc_column][vc_column width=&#8221;1\/4&#8243; offset=&#8221;vc_col-lg-offset-2&#8243;][vc_empty_space height=&#8221;220px&#8221;][vc_btn title=&#8221;\u017delite li zakazati besplatnu prezentaciju?&#8221; color=&#8221;danger&#8221; size=&#8221;lg&#8221; i_icon_fontawesome=&#8221;far fa-address-card&#8221; add_icon=&#8221;true&#8221; link=&#8221;url:https%3A%2F%2Fwww.imel.ba%2Fintegralni-informacioni-sistem%2F%23contact&#8221;][\/vc_column][\/vc_row]<\/p>\n","protected":false},"excerpt":{"rendered":"<p>[vc_row css=&#8221;.vc_custom_1655486561119{padding-bottom: 30px !important;}&#8221;][vc_column width=&#8221;7\/12&#8243; el_class=&#8221;header-content download-button&#8221;][\/vc_column][vc_column width=&#8221;1\/4&#8243; offset=&#8221;vc_col-lg-offset-2&#8243;][vc_empty_space height=&#8221;220px&#8221;][vc_btn title=&#8221;\u017delite li zakazati besplatnu prezentaciju?&#8221; color=&#8221;danger&#8221; size=&#8221;lg&#8221; i_icon_fontawesome=&#8221;far fa-address-card&#8221; add_icon=&#8221;true&#8221; link=&#8221;url:https%3A%2F%2Fwww.imel.ba%2Fintegralni-informacioni-sistem%2F%23contact&#8221;][\/vc_column][\/vc_row]<\/p>\n","protected":false},"author":1,"featured_media":0,"parent":0,"menu_order":0,"comment_status":"closed","ping_status":"closed","template":"templates\/front.php","meta":{"footnotes":""},"class_list":["post-30","page","type-page","status-publish","hentry"],"yoast_head":"<!-- This site is optimized with the Yoast SEO plugin v20.2.1 - https:\/\/yoast.com\/wordpress\/plugins\/seo\/ -->\n<title>ImelBIS ERP - Integralni informacioni sistem<\/title>\n<meta name=\"description\" content=\"Kvalitetna programska podr\u0161ka, koja \u0107e adekvatnom primjenom omogu\u0107iti smanjenje tro\u0161kova te pove\u0107anje produktivnosti i prihoda, \u010dime \u0107e stvoriti uslove za bolje rezultate poslovanja.\" \/>\n<meta name=\"robots\" content=\"index, follow, max-snippet:-1, max-image-preview:large, max-video-preview:-1\" \/>\n<link rel=\"canonical\" href=\"https:\/\/www.imel.ba\/integralni-informacioni-sistem\/\" \/>\n<meta property=\"og:locale\" content=\"bs_BA\" \/>\n<meta property=\"og:type\" content=\"article\" \/>\n<meta property=\"og:title\" content=\"ImelBIS ERP - Integralni informacioni sistem\" \/>\n<meta property=\"og:description\" content=\"Kvalitetna programska podr\u0161ka, koja \u0107e adekvatnom primjenom omogu\u0107iti smanjenje tro\u0161kova te pove\u0107anje produktivnosti i prihoda, \u010dime \u0107e stvoriti uslove za bolje rezultate poslovanja.\" \/>\n<meta property=\"og:url\" content=\"https:\/\/www.imel.ba\/integralni-informacioni-sistem\/\" \/>\n<meta property=\"og:site_name\" content=\"Integralni informacioni sistem\" \/>\n<meta property=\"article:publisher\" content=\"https:\/\/www.facebook.com\/imelsoftware\" \/>\n<meta property=\"article:modified_time\" content=\"2022-10-21T13:13:43+00:00\" \/>\n<meta name=\"twitter:card\" content=\"summary_large_image\" \/>\n<meta name=\"twitter:label1\" content=\"Est. reading time\" \/>\n\t<meta name=\"twitter:data1\" content=\"1 minuta\" \/>\n<script type=\"application\/ld+json\" class=\"yoast-schema-graph\">{\"@context\":\"https:\/\/schema.org\",\"@graph\":[{\"@type\":\"WebPage\",\"@id\":\"https:\/\/www.imel.ba\/integralni-informacioni-sistem\/\",\"url\":\"https:\/\/www.imel.ba\/integralni-informacioni-sistem\/\",\"name\":\"ImelBIS ERP - Integralni informacioni sistem\",\"isPartOf\":{\"@id\":\"https:\/\/www.imel.ba\/integralni-informacioni-sistem\/#website\"},\"datePublished\":\"2018-08-16T08:43:10+00:00\",\"dateModified\":\"2022-10-21T13:13:43+00:00\",\"description\":\"Kvalitetna programska podr\u0161ka, koja \u0107e adekvatnom primjenom omogu\u0107iti smanjenje tro\u0161kova te pove\u0107anje produktivnosti i prihoda, \u010dime \u0107e stvoriti uslove za bolje rezultate poslovanja.\",\"breadcrumb\":{\"@id\":\"https:\/\/www.imel.ba\/integralni-informacioni-sistem\/#breadcrumb\"},\"inLanguage\":\"bs-BA\",\"potentialAction\":[{\"@type\":\"ReadAction\",\"target\":[\"https:\/\/www.imel.ba\/integralni-informacioni-sistem\/\"]}]},{\"@type\":\"BreadcrumbList\",\"@id\":\"https:\/\/www.imel.ba\/integralni-informacioni-sistem\/#breadcrumb\",\"itemListElement\":[{\"@type\":\"ListItem\",\"position\":1,\"name\":\"Home\",\"item\":\"https:\/\/www.imel.ba\/integralni-informacioni-sistem\/\"},{\"@type\":\"ListItem\",\"position\":2,\"name\":\"ImelBIS ERP\"}]},{\"@type\":\"WebSite\",\"@id\":\"https:\/\/www.imel.ba\/integralni-informacioni-sistem\/#website\",\"url\":\"https:\/\/www.imel.ba\/integralni-informacioni-sistem\/\",\"name\":\"Integralni informacioni sistem\",\"description\":\"ImelBIS ERP\",\"publisher\":{\"@id\":\"https:\/\/www.imel.ba\/integralni-informacioni-sistem\/#organization\"},\"potentialAction\":[{\"@type\":\"SearchAction\",\"target\":{\"@type\":\"EntryPoint\",\"urlTemplate\":\"https:\/\/www.imel.ba\/integralni-informacioni-sistem\/?s={search_term_string}\"},\"query-input\":\"required name=search_term_string\"}],\"inLanguage\":\"bs-BA\"},{\"@type\":\"Organization\",\"@id\":\"https:\/\/www.imel.ba\/integralni-informacioni-sistem\/#organization\",\"name\":\"Imel doo\",\"url\":\"https:\/\/www.imel.ba\/integralni-informacioni-sistem\/\",\"logo\":{\"@type\":\"ImageObject\",\"inLanguage\":\"bs-BA\",\"@id\":\"https:\/\/www.imel.ba\/integralni-informacioni-sistem\/#\/schema\/logo\/image\/\",\"url\":\"https:\/\/www.imel.ba\/integralni-informacioni-sistem\/wp-content\/uploads\/2022\/06\/about_d.png\",\"contentUrl\":\"https:\/\/www.imel.ba\/integralni-informacioni-sistem\/wp-content\/uploads\/2022\/06\/about_d.png\",\"width\":551,\"height\":331,\"caption\":\"Imel doo\"},\"image\":{\"@id\":\"https:\/\/www.imel.ba\/integralni-informacioni-sistem\/#\/schema\/logo\/image\/\"},\"sameAs\":[\"https:\/\/www.facebook.com\/imelsoftware\",\"https:\/\/www.linkedin.com\/company\/30671179\"]}]}<\/script>\n<!-- \/ Yoast SEO plugin. -->","yoast_head_json":{"title":"ImelBIS ERP - Integralni informacioni sistem","description":"Kvalitetna programska podr\u0161ka, koja \u0107e adekvatnom primjenom omogu\u0107iti smanjenje tro\u0161kova te pove\u0107anje produktivnosti i prihoda, \u010dime \u0107e stvoriti uslove za bolje rezultate poslovanja.","robots":{"index":"index","follow":"follow","max-snippet":"max-snippet:-1","max-image-preview":"max-image-preview:large","max-video-preview":"max-video-preview:-1"},"canonical":"https:\/\/www.imel.ba\/integralni-informacioni-sistem\/","og_locale":"bs_BA","og_type":"article","og_title":"ImelBIS ERP - Integralni informacioni sistem","og_description":"Kvalitetna programska podr\u0161ka, koja \u0107e adekvatnom primjenom omogu\u0107iti smanjenje tro\u0161kova te pove\u0107anje produktivnosti i prihoda, \u010dime \u0107e stvoriti uslove za bolje rezultate poslovanja.","og_url":"https:\/\/www.imel.ba\/integralni-informacioni-sistem\/","og_site_name":"Integralni informacioni sistem","article_publisher":"https:\/\/www.facebook.com\/imelsoftware","article_modified_time":"2022-10-21T13:13:43+00:00","twitter_card":"summary_large_image","twitter_misc":{"Est. reading time":"1 minuta"},"schema":{"@context":"https:\/\/schema.org","@graph":[{"@type":"WebPage","@id":"https:\/\/www.imel.ba\/integralni-informacioni-sistem\/","url":"https:\/\/www.imel.ba\/integralni-informacioni-sistem\/","name":"ImelBIS ERP - Integralni informacioni sistem","isPartOf":{"@id":"https:\/\/www.imel.ba\/integralni-informacioni-sistem\/#website"},"datePublished":"2018-08-16T08:43:10+00:00","dateModified":"2022-10-21T13:13:43+00:00","description":"Kvalitetna programska podr\u0161ka, koja \u0107e adekvatnom primjenom omogu\u0107iti smanjenje tro\u0161kova te pove\u0107anje produktivnosti i prihoda, \u010dime \u0107e stvoriti uslove za bolje rezultate poslovanja.","breadcrumb":{"@id":"https:\/\/www.imel.ba\/integralni-informacioni-sistem\/#breadcrumb"},"inLanguage":"bs-BA","potentialAction":[{"@type":"ReadAction","target":["https:\/\/www.imel.ba\/integralni-informacioni-sistem\/"]}]},{"@type":"BreadcrumbList","@id":"https:\/\/www.imel.ba\/integralni-informacioni-sistem\/#breadcrumb","itemListElement":[{"@type":"ListItem","position":1,"name":"Home","item":"https:\/\/www.imel.ba\/integralni-informacioni-sistem\/"},{"@type":"ListItem","position":2,"name":"ImelBIS ERP"}]},{"@type":"WebSite","@id":"https:\/\/www.imel.ba\/integralni-informacioni-sistem\/#website","url":"https:\/\/www.imel.ba\/integralni-informacioni-sistem\/","name":"Integralni informacioni sistem","description":"ImelBIS ERP","publisher":{"@id":"https:\/\/www.imel.ba\/integralni-informacioni-sistem\/#organization"},"potentialAction":[{"@type":"SearchAction","target":{"@type":"EntryPoint","urlTemplate":"https:\/\/www.imel.ba\/integralni-informacioni-sistem\/?s={search_term_string}"},"query-input":"required name=search_term_string"}],"inLanguage":"bs-BA"},{"@type":"Organization","@id":"https:\/\/www.imel.ba\/integralni-informacioni-sistem\/#organization","name":"Imel doo","url":"https:\/\/www.imel.ba\/integralni-informacioni-sistem\/","logo":{"@type":"ImageObject","inLanguage":"bs-BA","@id":"https:\/\/www.imel.ba\/integralni-informacioni-sistem\/#\/schema\/logo\/image\/","url":"https:\/\/www.imel.ba\/integralni-informacioni-sistem\/wp-content\/uploads\/2022\/06\/about_d.png","contentUrl":"https:\/\/www.imel.ba\/integralni-informacioni-sistem\/wp-content\/uploads\/2022\/06\/about_d.png","width":551,"height":331,"caption":"Imel doo"},"image":{"@id":"https:\/\/www.imel.ba\/integralni-informacioni-sistem\/#\/schema\/logo\/image\/"},"sameAs":["https:\/\/www.facebook.com\/imelsoftware","https:\/\/www.linkedin.com\/company\/30671179"]}]}},"_links":{"self":[{"href":"https:\/\/www.imel.ba\/integralni-informacioni-sistem\/wp-json\/wp\/v2\/pages\/30","targetHints":{"allow":["GET"]}}],"collection":[{"href":"https:\/\/www.imel.ba\/integralni-informacioni-sistem\/wp-json\/wp\/v2\/pages"}],"about":[{"href":"https:\/\/www.imel.ba\/integralni-informacioni-sistem\/wp-json\/wp\/v2\/types\/page"}],"author":[{"embeddable":true,"href":"https:\/\/www.imel.ba\/integralni-informacioni-sistem\/wp-json\/wp\/v2\/users\/1"}],"replies":[{"embeddable":true,"href":"https:\/\/www.imel.ba\/integralni-informacioni-sistem\/wp-json\/wp\/v2\/comments?post=30"}],"version-history":[{"count":46,"href":"https:\/\/www.imel.ba\/integralni-informacioni-sistem\/wp-json\/wp\/v2\/pages\/30\/revisions"}],"predecessor-version":[{"id":728,"href":"https:\/\/www.imel.ba\/integralni-informacioni-sistem\/wp-json\/wp\/v2\/pages\/30\/revisions\/728"}],"wp:attachment":[{"href":"https:\/\/www.imel.ba\/integralni-informacioni-sistem\/wp-json\/wp\/v2\/media?parent=30"}],"curies":[{"name":"wp","href":"https:\/\/api.w.org\/{rel}","templated":true}]}}