{"id":2062,"date":"2018-11-27T20:29:35","date_gmt":"2018-11-27T20:29:35","guid":{"rendered":"https:\/\/venor.lucianionut.com\/?page_id=2"},"modified":"2023-05-12T09:57:04","modified_gmt":"2023-05-12T09:57:04","slug":"opp","status":"publish","type":"page","link":"https:\/\/www.imel.ba\/opp\/","title":{"rendered":"Imel"},"content":{"rendered":"<div class=\"wpb-content-wrapper\"><p>[vc_row][vc_column][vc_column_text css=&#8221;.vc_custom_1665648297994{margin-bottom: 20px !important;}&#8221;]<\/p>\n<h2>Imate problem sa organizacijom poslovanja?<\/h2>\n<p>[\/vc_column_text][vc_column_text css_animation=&#8221;rollIn&#8221; css=&#8221;.vc_custom_1665647986685{margin-bottom: 20px !important;}&#8221;]<\/p>\n<h3>Pre\u0111ite na pametno rje\u0161enje:<\/h3>\n<p>[\/vc_column_text][vc_column_text css=&#8221;.vc_custom_1665648284851{margin-bottom: 20px !important;}&#8221;]<\/p>\n<h1>OPP &#8211; web organizator pametnog poslovanja<\/h1>\n<p>Web aplikacija koja se sastoji iz dva modula koji \u0107e Vam olak\u0161ati i ubrzati poslovanje.[\/vc_column_text][vc_cta h2=&#8221;Prijavite se za besplatnu prezentaciju!&#8221; add_button=&#8221;right&#8221; btn_title=&#8221;besplatna prezentacija OPP-a&#8221; btn_style=&#8221;gradient-custom&#8221; btn_gradient_custom_color_1=&#8221;#225ea3&#8243; btn_gradient_custom_color_2=&#8221;#1e73be&#8221; btn_i_icon_fontawesome=&#8221;fas fa-hand-point-right&#8221; btn_css_animation=&#8221;flipInY&#8221; btn_add_icon=&#8221;true&#8221; css=&#8221;.vc_custom_1665582722737{margin-top: 20px !important;background-color: #283652 !important;}&#8221; btn_link=&#8221;url:%23section-1&#8243;]Zaka\u017eite besplatnu prezentaciju, istra\u017eite sve mogu\u0107nosti OPP-a, na\u0161 tim Vam stoji na raspolaganju.[\/vc_cta][\/vc_column][\/vc_row][vc_row][vc_column width=&#8221;2\/3&#8243;][vc_column_text css=&#8221;.vc_custom_1665512418315{margin-bottom: 20px !important;}&#8221;]<\/p>\n<h3>Radni nalozi &#8211; Evidencija i planiranje rada zaposlenih<\/h3>\n<p>Radni nalozi namjenjeni su da olak\u0161avaju evidenciju i planiranje rada zaposlenih. Ovo je naro\u010dito korisno kod terenskog rada, aplikacija u svakom momentu mo\u017ee dati odgovor koji zaposleni je zadu\u017een za koji teren. To \u0107e dugoro\u010dno olak\u0161ati planiranje anga\u017eovanja ljudskih resursa, tako da ne dolazi do ka\u0161njenja sa rokovima izvr\u0161enja projekata zbog nedostatka radnika.<\/p>\n<h3>Skladi\u0161no poslovanje<\/h3>\n<p>Modul skladi\u0161no poslovanje sastavni je dio OPP aplikacije, web organizatora pametnog poslovanja. Ova opcija omogu\u0107ava preglednu i potpunu evidenciju svih ulaza stalnih sredstava, inventara i materijala na skladi\u0161te i izlaza navedenih jedinica sa skladi\u0161ta.[\/vc_column_text][vc_single_image image=&#8221;2586&#8243; img_size=&#8221;full&#8221; alignment=&#8221;center&#8221; css_animation=&#8221;rollIn&#8221; css=&#8221;.vc_custom_1665558531672{margin-bottom: 15px !important;}&#8221;][vc_row_inner][vc_column_inner width=&#8221;1\/2&#8243;][vc_btn title=&#8221;radni nalozi&#8221; style=&#8221;gradient-custom&#8221; gradient_custom_color_1=&#8221;#225ea3&#8243; gradient_custom_color_2=&#8221;#2fa3dc&#8221; align=&#8221;center&#8221; i_type=&#8221;typicons&#8221; i_icon_typicons=&#8221;typcn typcn-chart-pie-outline&#8221; button_block=&#8221;true&#8221; add_icon=&#8221;true&#8221; link=&#8221;url:https%3A%2F%2Fwww.imel.ba%2Fwp-content%2Fuploads%2F2022%2F08%2FOPP-RADNI-NALOZI.pdf|target:_blank&#8221;][\/vc_column_inner][vc_column_inner width=&#8221;1\/2&#8243;][vc_btn title=&#8221;skladi\u0161no poslovanje&#8221; style=&#8221;gradient-custom&#8221; gradient_custom_color_1=&#8221;#225ea3&#8243; gradient_custom_color_2=&#8221;#2fa3dc&#8221; align=&#8221;center&#8221; i_icon_fontawesome=&#8221;fas fa-exchange-alt&#8221; button_block=&#8221;true&#8221; add_icon=&#8221;true&#8221; link=&#8221;url:https%3A%2F%2Fwww.imel.ba%2Fwp-content%2Fuploads%2F2022%2F09%2FOPP-SKLADISNA-EVIDENCIJA.pdf|target:_blank&#8221;][\/vc_column_inner][\/vc_row_inner][\/vc_column][vc_column width=&#8221;1\/3&#8243;][vc_single_image image=&#8221;2298&#8243; img_size=&#8221;full&#8221; css=&#8221;.vc_custom_1665494643527{margin-bottom: 20px !important;}&#8221;][\/vc_column][\/vc_row][vc_row][vc_column][\/vc_column][\/vc_row][vc_row][vc_column]<div class=\"title-subtile-holder text-center\"><h6 class=\"section-title wow tada light_title\">OPP<\/h6><h1 class=\"section-subtitle wow tada light_subtitle\">Prednosti aplikacije<\/h1><p class=\"section-description wow tada light_description\">Za\u0161to bi svaka poslovna organizacija trebala korsititi web organizator pametnog poslovanja?<\/p><\/div>[\/vc_column][\/vc_row][vc_row full_width=&#8221;stretch_row&#8221; css=&#8221;.vc_custom_1665238637597{padding-top: 0px !important;}&#8221;][vc_column css=&#8221;.vc_custom_1549730236546{padding-top: 5px !important;}&#8221;][vc_row_inner][vc_column_inner width=&#8221;1\/3&#8243;]<div class=\"mt-icon-listgroup-item  style2 \"><div class=\"mt-icon-listgroup-holder\">\n                  <div class=\"mt-icon-listgroup-icon-holder-inner\"><img decoding=\"async\" alt=\"list-image\" style=\"margin-right:20px; max-width:60px;\" class=\"mt-image-list\" src=\"https:\/\/www.imel.ba\/opp\/wp-content\/uploads\/2022\/10\/opp_img_8.png\"><\/div>\n                <div class=\"mt-icon-listgroup-content-holder-inner-description\">\n                <div class=\"mt-icon-listgroup-content-holder-inner\">\n                  \n                  <a  class=\"mt-icon-listgroup-title\" style=\"font-size: 18px; color: #ffffff\">U\u0161teda vremena<\/a><\/div><div class=\"mt-icon-listgroup-description\">\n                <p class=\"mt-icon-listgroup-text\" style=\"font-size: 15px; color: \">Stalan uvid u odvijanje poslovnih procesa, po projektima, radnim nalozima i zaposlenima, bez obzira na lokaciju na kojoj se nalazite. Sve informacije potrebne za planiranje ljudskih resursa nalaze se na jednom mjestu!<\/p><\/div><\/div>\n\n              <\/div><\/div>[\/vc_column_inner][vc_column_inner width=&#8221;1\/3&#8243;]<div class=\"mt-icon-listgroup-item  style2 \"><div class=\"mt-icon-listgroup-holder\">\n                  <div class=\"mt-icon-listgroup-icon-holder-inner\"><img decoding=\"async\" alt=\"list-image\" style=\"margin-right:20px; max-width:60px;\" class=\"mt-image-list\" src=\"https:\/\/www.imel.ba\/opp\/wp-content\/uploads\/2022\/10\/opp_img_8.png\"><\/div>\n                <div class=\"mt-icon-listgroup-content-holder-inner-description\">\n                <div class=\"mt-icon-listgroup-content-holder-inner\">\n                  \n                  <a  class=\"mt-icon-listgroup-title\" style=\"font-size: 18px; color: #ffffff\">Vo\u0111enje projekata<\/a><\/div><div class=\"mt-icon-listgroup-description\">\n                <p class=\"mt-icon-listgroup-text\" style=\"font-size: 15px; color: \">Vremensko i \ufb01nansijsko de\ufb01niranje projekata optimizirat \u0107e Va\u0161e poslovanje i omogu\u0107iti planiranje resursa prema raspolo\u017eivosti. Za svaki zadatak ta\u010dno se zna tko treba odraditi i do kada.<\/p><\/div><\/div>\n\n              <\/div><\/div>[\/vc_column_inner][vc_column_inner width=&#8221;1\/3&#8243;]<div class=\"mt-icon-listgroup-item  style2 \"><div class=\"mt-icon-listgroup-holder\">\n                  <div class=\"mt-icon-listgroup-icon-holder-inner\"><img decoding=\"async\" alt=\"list-image\" style=\"margin-right:20px; max-width:60px;\" class=\"mt-image-list\" src=\"https:\/\/www.imel.ba\/opp\/wp-content\/uploads\/2022\/10\/opp_img_8.png\"><\/div>\n                <div class=\"mt-icon-listgroup-content-holder-inner-description\">\n                <div class=\"mt-icon-listgroup-content-holder-inner\">\n                  \n                  <a  class=\"mt-icon-listgroup-title\" style=\"font-size: 18px; color: #ffffff\">Sigurnost podataka i podr\u0161ka<\/a><\/div><div class=\"mt-icon-listgroup-description\">\n                <p class=\"mt-icon-listgroup-text\" style=\"font-size: 15px; color: \">Podaci koji se nalaze na serveru i u aplikaciji su potpuno sigurni i nitko osim Vas i Va\u0161ih zaposlenih nema pristup tim podacima. Kontrola pristupa podacima prema grupama ovlasti koje sami de\ufb01nirate.<\/p><\/div><\/div>\n\n              <\/div><\/div>[\/vc_column_inner][\/vc_row_inner][vc_row_inner css=&#8221;.vc_custom_1665513870908{padding-bottom: 30px !important;}&#8221;][vc_column_inner width=&#8221;1\/3&#8243;]<div class=\"mt-icon-listgroup-item  style2 \"><div class=\"mt-icon-listgroup-holder\">\n                  <div class=\"mt-icon-listgroup-icon-holder-inner\"><img decoding=\"async\" alt=\"list-image\" style=\"margin-right:20px; max-width:60px;\" class=\"mt-image-list\" src=\"https:\/\/www.imel.ba\/opp\/wp-content\/uploads\/2022\/10\/opp_img_8.png\"><\/div>\n                <div class=\"mt-icon-listgroup-content-holder-inner-description\">\n                <div class=\"mt-icon-listgroup-content-holder-inner\">\n                  \n                  <a  class=\"mt-icon-listgroup-title\" style=\"font-size: 18px; color: #ffffff\">Jednostavnost kori\u0161tenja<\/a><\/div><div class=\"mt-icon-listgroup-description\">\n                <p class=\"mt-icon-listgroup-text\" style=\"font-size: 15px; color: \">Korisni\u010dko su\u010delje prilago\u0111eno je brzom i jednostavnom snala\u017eenju unutar aplikacije gdje su svi moduli lahko dostupni. Aplikacija je veoma jednostavna za kori\u0161tenje.<\/p><\/div><\/div>\n\n              <\/div><\/div>[\/vc_column_inner][vc_column_inner width=&#8221;1\/3&#8243;]<div class=\"mt-icon-listgroup-item  style2 \"><div class=\"mt-icon-listgroup-holder\">\n                  <div class=\"mt-icon-listgroup-icon-holder-inner\"><img decoding=\"async\" alt=\"list-image\" style=\"margin-right:20px; max-width:60px;\" class=\"mt-image-list\" src=\"https:\/\/www.imel.ba\/opp\/wp-content\/uploads\/2022\/10\/opp_img_8.png\"><\/div>\n                <div class=\"mt-icon-listgroup-content-holder-inner-description\">\n                <div class=\"mt-icon-listgroup-content-holder-inner\">\n                  \n                  <a  class=\"mt-icon-listgroup-title\" style=\"font-size: 18px; color: #ffffff\">Sve na jednom mjestu<\/a><\/div><div class=\"mt-icon-listgroup-description\">\n                <p class=\"mt-icon-listgroup-text\" style=\"font-size: 15px; color: \">Svi kreirani radni nalozi se u softCRM aplikaciji nalaze na jednom mjestu, odnosno u jednoj bazi radnih naloga. Tako je olak\u0161ano br\u017ee reagiranje na zahtjeve za promjenama unutar radnih naloga.<\/p><\/div><\/div>\n\n              <\/div><\/div>[\/vc_column_inner][vc_column_inner width=&#8221;1\/3&#8243;]<div class=\"mt-icon-listgroup-item  style2 \"><div class=\"mt-icon-listgroup-holder\">\n                  <div class=\"mt-icon-listgroup-icon-holder-inner\"><img decoding=\"async\" alt=\"list-image\" style=\"margin-right:20px; max-width:60px;\" class=\"mt-image-list\" src=\"https:\/\/www.imel.ba\/opp\/wp-content\/uploads\/2022\/10\/opp_img_8.png\"><\/div>\n                <div class=\"mt-icon-listgroup-content-holder-inner-description\">\n                <div class=\"mt-icon-listgroup-content-holder-inner\">\n                  \n                  <a  class=\"mt-icon-listgroup-title\" style=\"font-size: 18px; color: #ffffff\">Pristupa\u010dna cijena i dostupna nadogradnja<\/a><\/div><div class=\"mt-icon-listgroup-description\">\n                <p class=\"mt-icon-listgroup-text\" style=\"font-size: 15px; color: \">Cijena aplikacije ovisi o broju korisnika te je zbog toga pristupa\u010dna svima koji bez velikih tro\u0161kova mogu unaprijediti i pobolj\u0161ati svoje poslovanje. Mogu\u0107a bilo kakva nadogradnja ili izmjena po \u017eelji kupca.<\/p><\/div><\/div>\n\n              <\/div><\/div>[\/vc_column_inner][\/vc_row_inner][vc_btn title=&#8221;Pogledaj video&#8221; style=&#8221;gradient-custom&#8221; gradient_custom_color_1=&#8221;#225ea3&#8243; gradient_custom_color_2=&#8221;#1e73be&#8221; align=&#8221;center&#8221; i_align=&#8221;right&#8221; i_icon_fontawesome=&#8221;fas fa-play&#8221; add_icon=&#8221;true&#8221; link=&#8221;url:https%3A%2F%2Fwww.youtube.com%2Fwatch%3Fv%3DsbPi_E3kNaY|target:_blank&#8221;][\/vc_column][\/vc_row][vc_row][vc_column css=&#8221;.vc_custom_1665563898229{margin-top: 30px !important;}&#8221;][vc_empty_space][\/vc_column][\/vc_row][vc_row][vc_column width=&#8221;1\/2&#8243;][vc_single_image image=&#8221;2605&#8243; img_size=&#8221;full&#8221;][vc_empty_space][\/vc_column][vc_column width=&#8221;1\/2&#8243;]<div class=\"title-subtile-holder text-center\"><h6 class=\"section-title  light_title\">Modul skladi\u0161no poslovanje<\/h6><h1 class=\"section-subtitle  light_subtitle\">Osnovne prednosti<\/h1><p class=\"section-description  light_description\"><\/p><\/div>[vc_column_text]<\/p>\n<ul>\n<li>Organizacija stalnih sredstava, inventara i potro\u0161nog materijala u skladi\u0161tu<\/li>\n<li>Evidecija zadu\u017eenja po radniku<\/li>\n<li>Jednostavan na\u010din zadu\u017eivanja i razdu\u017eivanja inventara<\/li>\n<li>Evidencija redovnih i vanrednih servisa<\/li>\n<li>Na klik dostupni pregledi po raznim \ufb01lterima<\/li>\n<\/ul>\n<p>[\/vc_column_text][\/vc_column][\/vc_row][vc_row][vc_column width=&#8221;1\/2&#8243;][vc_single_image image=&#8221;2612&#8243; img_size=&#8221;full&#8221; alignment=&#8221;center&#8221; css_animation=&#8221;rollIn&#8221;][\/vc_column][vc_column width=&#8221;1\/2&#8243;][vc_single_image image=&#8221;2616&#8243; img_size=&#8221;full&#8221; alignment=&#8221;center&#8221; css_animation=&#8221;rollIn&#8221;][\/vc_column][\/vc_row][vc_row][vc_column css=&#8221;.vc_custom_1665563898229{margin-top: 30px !important;}&#8221;][vc_empty_space][vc_column_text]Ovaj modul OPP aplikacije za vo\u0111enje skladi\u0161ta od velike je koristi svima koji u obavljanju svojih redovnih poslovnih aktivnosti koriste velikibroj razli\u010ditog alata i materijala, kako bi obavili zadati posao.<\/p>\n<p>Kretanje materijala, alata i stalnih sredstava mo\u017ee se evidentirati i pratititi na vi\u0161e razli\u010ditih skladi\u0161ta, te zadu\u017eivati po razli\u010ditim zaposlenicima.<\/p>\n<p>Dostupni su svi pregledi po zaposlenicima i po zalihama stalnih sredstava, alata i potro\u0161nog materijala, uz ispis u PDF formatu.[\/vc_column_text][\/vc_column][\/vc_row][vc_row parallax=&#8221;content-moving&#8221;][vc_column width=&#8221;1\/2&#8243;][vc_single_image image=&#8221;2620&#8243; img_size=&#8221;full&#8221; alignment=&#8221;center&#8221;][\/vc_column][vc_column width=&#8221;1\/2&#8243; el_id=&#8221;section-1&#8243;]<div class=\"title-subtile-holder text-center\"><h6 class=\"section-title  light_title\">\u017delite besplatnu demo verziju? Ostavite va\u0161e podatke.<\/h6><h1 class=\"section-subtitle  light_subtitle\"><\/h1><p class=\"section-description  light_description\"><\/p><\/div>[vc_column_text]\n<div class=\"wpcf7 no-js\" id=\"wpcf7-f2428-o1\" lang=\"en-US\" dir=\"ltr\" data-wpcf7-id=\"2428\">\n<div class=\"screen-reader-response\"><p role=\"status\" aria-live=\"polite\" aria-atomic=\"true\"><\/p> <ul><\/ul><\/div>\n<form action=\"\/opp\/wp-json\/wp\/v2\/pages\/2062#wpcf7-f2428-o1\" method=\"post\" class=\"wpcf7-form init\" aria-label=\"Contact form\" novalidate=\"novalidate\" data-status=\"init\">\n<fieldset class=\"hidden-fields-container\"><input type=\"hidden\" name=\"_wpcf7\" value=\"2428\" \/><input type=\"hidden\" name=\"_wpcf7_version\" value=\"6.1.1\" \/><input type=\"hidden\" name=\"_wpcf7_locale\" value=\"en_US\" \/><input type=\"hidden\" name=\"_wpcf7_unit_tag\" value=\"wpcf7-f2428-o1\" \/><input type=\"hidden\" name=\"_wpcf7_container_post\" value=\"0\" \/><input type=\"hidden\" name=\"_wpcf7_posted_data_hash\" value=\"\" \/>\n<\/fieldset>\n<p><span class=\"wpcf7-form-control-wrap\" data-name=\"your-name\"><input size=\"40\" maxlength=\"400\" class=\"wpcf7-form-control wpcf7-text wpcf7-validates-as-required\" aria-required=\"true\" aria-invalid=\"false\" placeholder=\"Ime i prezime\" value=\"\" type=\"text\" name=\"your-name\" \/><\/span>\n<\/p>\n<p><span class=\"wpcf7-form-control-wrap\" data-name=\"your-email\"><input size=\"40\" maxlength=\"400\" class=\"wpcf7-form-control wpcf7-email wpcf7-validates-as-required wpcf7-text wpcf7-validates-as-email\" aria-required=\"true\" aria-invalid=\"false\" placeholder=\"Upi\u0161ite e-mail\" value=\"\" type=\"email\" name=\"your-email\" \/><\/span>\n<\/p>\n<p><span class=\"wpcf7-form-control-wrap\" data-name=\"number-574\"><input class=\"wpcf7-form-control wpcf7-number wpcf7-validates-as-required wpcf7-validates-as-number\" aria-required=\"true\" aria-invalid=\"false\" placeholder=\"Upi\u0161ite kontakt telefon\" value=\"\" type=\"number\" name=\"number-574\" \/><\/span>\n<\/p>\n<p><span class=\"wpcf7-form-control-wrap\" data-name=\"your-message\"><textarea cols=\"40\" rows=\"10\" maxlength=\"2000\" class=\"wpcf7-form-control wpcf7-textarea\" aria-invalid=\"false\" placeholder=\"Poruka\" name=\"your-message\"><\/textarea><\/span>\n<\/p>\n<p><input class=\"wpcf7-form-control wpcf7-submit has-spinner\" type=\"submit\" value=\"Po\u0161alji\" \/>\n<\/p><div class=\"wpcf7-response-output\" aria-hidden=\"true\"><\/div>\n<\/form>\n<\/div>\n[\/vc_column_text][\/vc_column][\/vc_row][vc_row][vc_column][vc_empty_space][\/vc_column][\/vc_row]<\/p>\n<\/div>","protected":false},"excerpt":{"rendered":"<p>[vc_row][vc_column][vc_column_text css=&#8221;.vc_custom_1665648297994{margin-bottom: 20px !important;}&#8221;] Imate problem sa organizacijom poslovanja? [\/vc_column_text][vc_column_text css_animation=&#8221;rollIn&#8221; css=&#8221;.vc_custom_1665647986685{margin-bottom: 20px !important;}&#8221;] Pre\u0111ite na pametno rje\u0161enje: [\/vc_column_text][vc_column_text css=&#8221;.vc_custom_1665648284851{margin-bottom: 20px !important;}&#8221;] OPP &#8211; web organizator pametnog poslovanja Web aplikacija koja se sastoji iz dva modula koji \u0107e Vam olak\u0161ati i ubrzati poslovanje.[\/vc_column_text][vc_cta h2=&#8221;Prijavite se za besplatnu prezentaciju!&#8221; add_button=&#8221;right&#8221; btn_title=&#8221;besplatna prezentacija OPP-a&#8221; btn_style=&#8221;gradient-custom&#8221; btn_gradient_custom_color_1=&#8221;#225ea3&#8243; btn_gradient_custom_color_2=&#8221;#1e73be&#8221; [&hellip;]<\/p>\n","protected":false},"author":1,"featured_media":0,"parent":0,"menu_order":0,"comment_status":"closed","ping_status":"closed","template":"","meta":{"footnotes":""},"class_list":["post-2062","page","type-page","status-publish","hentry"],"yoast_head":"<!-- This site is optimized with the Yoast SEO plugin v25.8 - https:\/\/yoast.com\/wordpress\/plugins\/seo\/ -->\n<title>Imel - OPP web organizator pametnog poslovanja<\/title>\n<meta name=\"description\" content=\"OPP web aplikacija koja se sastoji iz dva modula koji \u0107e Vam olak\u0161ati i ubrzati poslovanje. Evidencija i planiranje rada zaposlenih. Skladi\u0161no poslovanje.\" \/>\n<meta name=\"robots\" content=\"noindex, follow, max-video-preview:-1, noimageindex, noarchive, nosnippet\" \/>\n<meta property=\"og:locale\" content=\"en_US\" \/>\n<meta property=\"og:type\" content=\"article\" \/>\n<meta property=\"og:title\" content=\"Imel - OPP web organizator pametnog poslovanja\" \/>\n<meta property=\"og:description\" content=\"OPP web aplikacija koja se sastoji iz dva modula koji \u0107e Vam olak\u0161ati i ubrzati poslovanje. Evidencija i planiranje rada zaposlenih. Skladi\u0161no poslovanje.\" \/>\n<meta property=\"og:url\" content=\"https:\/\/www.imel.ba\/opp\/\" \/>\n<meta property=\"og:site_name\" content=\"OPP\" \/>\n<meta property=\"article:modified_time\" content=\"2023-05-12T09:57:04+00:00\" \/>\n<meta name=\"twitter:card\" content=\"summary_large_image\" \/>\n<meta name=\"twitter:label1\" content=\"Est. reading time\" \/>\n\t<meta name=\"twitter:data1\" content=\"4 minutes\" \/>\n<script type=\"application\/ld+json\" class=\"yoast-schema-graph\">{\"@context\":\"https:\/\/schema.org\",\"@graph\":[{\"@type\":\"WebPage\",\"@id\":\"https:\/\/www.imel.ba\/opp\/\",\"url\":\"https:\/\/www.imel.ba\/opp\/\",\"name\":\"Imel - OPP web organizator pametnog poslovanja\",\"isPartOf\":{\"@id\":\"https:\/\/www.imel.ba\/opp\/#website\"},\"datePublished\":\"2018-11-27T20:29:35+00:00\",\"dateModified\":\"2023-05-12T09:57:04+00:00\",\"description\":\"OPP web aplikacija koja se sastoji iz dva modula koji \u0107e Vam olak\u0161ati i ubrzati poslovanje. Evidencija i planiranje rada zaposlenih. Skladi\u0161no poslovanje.\",\"breadcrumb\":{\"@id\":\"https:\/\/www.imel.ba\/opp\/#breadcrumb\"},\"inLanguage\":\"en-US\",\"potentialAction\":[{\"@type\":\"ReadAction\",\"target\":[\"https:\/\/www.imel.ba\/opp\/\"]}]},{\"@type\":\"BreadcrumbList\",\"@id\":\"https:\/\/www.imel.ba\/opp\/#breadcrumb\",\"itemListElement\":[{\"@type\":\"ListItem\",\"position\":1,\"name\":\"Home\",\"item\":\"https:\/\/www.imel.ba\/opp\/\"},{\"@type\":\"ListItem\",\"position\":2,\"name\":\"Zaka\u017eite besplatnu prezentaciju aplikacije OPP - web organizator pametnog poslovanja\"}]},{\"@type\":\"WebSite\",\"@id\":\"https:\/\/www.imel.ba\/opp\/#website\",\"url\":\"https:\/\/www.imel.ba\/opp\/\",\"name\":\"OPP\",\"description\":\"web organizator pametnog poslovanja\",\"potentialAction\":[{\"@type\":\"SearchAction\",\"target\":{\"@type\":\"EntryPoint\",\"urlTemplate\":\"https:\/\/www.imel.ba\/opp\/?s={search_term_string}\"},\"query-input\":{\"@type\":\"PropertyValueSpecification\",\"valueRequired\":true,\"valueName\":\"search_term_string\"}}],\"inLanguage\":\"en-US\"}]}<\/script>\n<!-- \/ Yoast SEO plugin. -->","yoast_head_json":{"title":"Imel - OPP web organizator pametnog poslovanja","description":"OPP web aplikacija koja se sastoji iz dva modula koji \u0107e Vam olak\u0161ati i ubrzati poslovanje. Evidencija i planiranje rada zaposlenih. Skladi\u0161no poslovanje.","robots":{"index":"noindex","follow":"follow","max-video-preview":"max-video-preview:-1","imageindex":"noimageindex","archive":"noarchive","snippet":"nosnippet"},"og_locale":"en_US","og_type":"article","og_title":"Imel - OPP web organizator pametnog poslovanja","og_description":"OPP web aplikacija koja se sastoji iz dva modula koji \u0107e Vam olak\u0161ati i ubrzati poslovanje. Evidencija i planiranje rada zaposlenih. Skladi\u0161no poslovanje.","og_url":"https:\/\/www.imel.ba\/opp\/","og_site_name":"OPP","article_modified_time":"2023-05-12T09:57:04+00:00","twitter_card":"summary_large_image","twitter_misc":{"Est. reading time":"4 minutes"},"schema":{"@context":"https:\/\/schema.org","@graph":[{"@type":"WebPage","@id":"https:\/\/www.imel.ba\/opp\/","url":"https:\/\/www.imel.ba\/opp\/","name":"Imel - OPP web organizator pametnog poslovanja","isPartOf":{"@id":"https:\/\/www.imel.ba\/opp\/#website"},"datePublished":"2018-11-27T20:29:35+00:00","dateModified":"2023-05-12T09:57:04+00:00","description":"OPP web aplikacija koja se sastoji iz dva modula koji \u0107e Vam olak\u0161ati i ubrzati poslovanje. Evidencija i planiranje rada zaposlenih. Skladi\u0161no poslovanje.","breadcrumb":{"@id":"https:\/\/www.imel.ba\/opp\/#breadcrumb"},"inLanguage":"en-US","potentialAction":[{"@type":"ReadAction","target":["https:\/\/www.imel.ba\/opp\/"]}]},{"@type":"BreadcrumbList","@id":"https:\/\/www.imel.ba\/opp\/#breadcrumb","itemListElement":[{"@type":"ListItem","position":1,"name":"Home","item":"https:\/\/www.imel.ba\/opp\/"},{"@type":"ListItem","position":2,"name":"Zaka\u017eite besplatnu prezentaciju aplikacije OPP - web organizator pametnog poslovanja"}]},{"@type":"WebSite","@id":"https:\/\/www.imel.ba\/opp\/#website","url":"https:\/\/www.imel.ba\/opp\/","name":"OPP","description":"web organizator pametnog poslovanja","potentialAction":[{"@type":"SearchAction","target":{"@type":"EntryPoint","urlTemplate":"https:\/\/www.imel.ba\/opp\/?s={search_term_string}"},"query-input":{"@type":"PropertyValueSpecification","valueRequired":true,"valueName":"search_term_string"}}],"inLanguage":"en-US"}]}},"_links":{"self":[{"href":"https:\/\/www.imel.ba\/opp\/wp-json\/wp\/v2\/pages\/2062","targetHints":{"allow":["GET"]}}],"collection":[{"href":"https:\/\/www.imel.ba\/opp\/wp-json\/wp\/v2\/pages"}],"about":[{"href":"https:\/\/www.imel.ba\/opp\/wp-json\/wp\/v2\/types\/page"}],"author":[{"embeddable":true,"href":"https:\/\/www.imel.ba\/opp\/wp-json\/wp\/v2\/users\/1"}],"replies":[{"embeddable":true,"href":"https:\/\/www.imel.ba\/opp\/wp-json\/wp\/v2\/comments?post=2062"}],"version-history":[{"count":17,"href":"https:\/\/www.imel.ba\/opp\/wp-json\/wp\/v2\/pages\/2062\/revisions"}],"predecessor-version":[{"id":2705,"href":"https:\/\/www.imel.ba\/opp\/wp-json\/wp\/v2\/pages\/2062\/revisions\/2705"}],"wp:attachment":[{"href":"https:\/\/www.imel.ba\/opp\/wp-json\/wp\/v2\/media?parent=2062"}],"curies":[{"name":"wp","href":"https:\/\/api.w.org\/{rel}","templated":true}]}}